{"id":666,"date":"2015-09-08T11:18:43","date_gmt":"2015-09-08T11:18:43","guid":{"rendered":"http:\/\/schubert-jutta.de\/?page_id=666"},"modified":"2022-12-27T19:19:57","modified_gmt":"2022-12-27T19:19:57","slug":"sommerakademie","status":"publish","type":"page","link":"https:\/\/www.schubert-jutta.de\/?page_id=666","title":{"rendered":"Sommerakademie"},"content":{"rendered":"<p style=\"text-align: center;\">\u00a0<span style=\"text-decoration: underline;\"><strong>EXKLUSIV NUR IN MAINZ: DIE SOMMERAKADEMIE<\/strong><\/span><\/p>\n<p style=\"text-align: left;\">In diesen, von mir speziell f\u00fcr die VHS Mainz ausgearbeiteten Kursen haben die Teilnehmenden die M\u00f6glichkeit, sich eine ganze Woche lang intensiv mit dem literarischen Schreiben zu besch\u00e4ftigen. Das f\u00f6rdert die Kreativit\u00e4t, bringt Schreibprojekte voran, schafft neue Ideen und man lernt nicht nur eine ganze Menge dazu sondern au\u00dferdem neue Menschen kennen, die auch schreiben.<\/p>\n<p style=\"text-align: left;\">Wer nicht im Rhein-Main-Gebiet lebt und trotzdem teilnehmen m\u00f6chte, kann sich eine Unterkunft in Mainz suchen, ich gebe gerne eine Empfehlung.<\/p>\n<p style=\"text-align: left;\">Anmeldung \u00fcber Volkshochschule Mainz, Karmeliterplatz 1, 55116 Mainz,\u00a0Tel. 06131 2625-0,\u00a0Email: vhs@vhs-mainz.de &#8211;\u00a0Internet: <a href=\"http:\/\/www.vhs-mainz.de\" target=\"_blank\" rel=\"noopener noreferrer\">www.vhs-mainz.de<\/a><\/p>\n<p><span style=\"color: #0000ff;\"><strong>Vorschau f\u00fcr 2023<\/strong><\/span><\/p>\n<p><strong>Sommerakademie &#8211; Schreibwerkstatt: Short Story &#8211; die kurze Form des Erz\u00e4hlens<br \/>\n<\/strong><\/p>\n<ul>\n<li>Montag, 17. Juli \u2013 Freitag, 21. Juli 2023, t\u00e4glich von 10 &#8211; 16 Uhr<\/li>\n<\/ul>\n<p>In diesem Intensivkurs schreiben wir Geschichten \u2013 Kurzgeschichten, Short Stories, Erz\u00e4hlungen. Aus Schreibanl\u00e4ssen und Themenvorschl\u00e4gen ergeben sich daf\u00fcr Ideen, die schreibend umgesetzt werden. Die entstandenen Texte werden in der Gruppe vorgestellt. Wir schulen unsere Wahrnehmungsf\u00e4higkeit, arbeiten am Spannungsbogen einer Geschichte, an den Charakteren der Figuren, an der gew\u00fcnschten Aussage des Textes und an der Sprache. Bereits vorhandene Geschichten k\u00f6nnen mitgebracht werden. Zus\u00e4tzlich gibt es einige theoretische Infos \u00fcber die kurze Form des Erz\u00e4hlens. Der Kurs ist f\u00fcr Anf\u00e4nger und Teilnehmende mit Schreiberfahrungen geeignet.<\/p>\n<p><strong>Sommerakademie \u2013 Schreibwerkstatt: Der rote Faden<br \/>\n<\/strong><\/p>\n<ul>\n<li>Montag, 10. Juli \u2013 Freitag, 14. Juli 2023, t\u00e4glich von 10 &#8211; 16 Uhr<\/li>\n<\/ul>\n<p>Die Teilnehmenden sollten ein l\u00e4ngeres Schreibprojekt\u00a0 planen oder in Arbeit haben. Es kann sich dabei um einen Roman, einen autobiografischen Text oder auch eine Sammlung von Geschichten handeln. Alle Genres sind m\u00f6glich. Der Kurs dient der intensiven Arbeit an den Texten, an Aufbau und Struktur, der Kl\u00e4rung von Problemen und der Anleitung, wie das Projekt weitergef\u00fchrt, verbessert und zu Ende gebracht werden kann. Wir arbeiten ausschlie\u00dflich an den Texten der Teilnehmenden. Bitte bis sp\u00e4testens zwei Wochen vor Kursbeginn eine kurze Projektbeschreibung (1-2 Seiten) einreichen.<\/p>\n","protected":false},"excerpt":{"rendered":"<p>\u00a0EXKLUSIV NUR IN MAINZ: DIE SOMMERAKADEMIE In diesen, von mir speziell f\u00fcr die VHS Mainz ausgearbeiteten Kursen haben die Teilnehmenden die M\u00f6glichkeit, sich eine ganze Woche lang intensiv mit dem literarischen Schreiben zu besch\u00e4ftigen. Das f\u00f6rdert die Kreativit\u00e4t, bringt Schreibprojekte voran, schafft neue Ideen und man lernt nicht nur eine ganze Menge dazu sondern au\u00dferdem&#8230;<\/p>\n","protected":false},"author":1,"featured_media":0,"parent":173,"menu_order":2,"comment_status":"closed","ping_status":"closed","template":"","meta":{"footnotes":""},"class_list":["post-666","page","type-page","status-publish","hentry"],"_links":{"self":[{"href":"https:\/\/www.schubert-jutta.de\/index.php?rest_route=\/wp\/v2\/pages\/666","targetHints":{"allow":["GET"]}}],"collection":[{"href":"https:\/\/www.schubert-jutta.de\/index.php?rest_route=\/wp\/v2\/pages"}],"about":[{"href":"https:\/\/www.schubert-jutta.de\/index.php?rest_route=\/wp\/v2\/types\/page"}],"author":[{"embeddable":true,"href":"https:\/\/www.schubert-jutta.de\/index.php?rest_route=\/wp\/v2\/users\/1"}],"replies":[{"embeddable":true,"href":"https:\/\/www.schubert-jutta.de\/index.php?rest_route=%2Fwp%2Fv2%2Fcomments&post=666"}],"version-history":[{"count":12,"href":"https:\/\/www.schubert-jutta.de\/index.php?rest_route=\/wp\/v2\/pages\/666\/revisions"}],"predecessor-version":[{"id":1499,"href":"https:\/\/www.schubert-jutta.de\/index.php?rest_route=\/wp\/v2\/pages\/666\/revisions\/1499"}],"up":[{"embeddable":true,"href":"https:\/\/www.schubert-jutta.de\/index.php?rest_route=\/wp\/v2\/pages\/173"}],"wp:attachment":[{"href":"https:\/\/www.schubert-jutta.de\/index.php?rest_route=%2Fwp%2Fv2%2Fmedia&parent=666"}],"curies":[{"name":"wp","href":"https:\/\/api.w.org\/{rel}","templated":true}]}}