{"id":600,"date":"2015-09-03T15:33:38","date_gmt":"2015-09-03T15:33:38","guid":{"rendered":"http:\/\/schubert-jutta.de\/?page_id=600"},"modified":"2017-06-30T11:13:50","modified_gmt":"2017-06-30T11:13:50","slug":"die-nacht-mit-marilyn","status":"publish","type":"page","link":"https:\/\/www.schubert-jutta.de\/?page_id=600","title":{"rendered":"Die Nacht mit Marilyn"},"content":{"rendered":"<p><a href=\"http:\/\/www.dielmann-verlag.de\/de\/content\/Schubert-Jutta\/~nm.18~nc.57\/Gesamtliste.html#x\" target=\"_blank\" rel=\"noopener\"><img loading=\"lazy\" decoding=\"async\" class=\"size-medium wp-image-601 alignleft\" src=\"http:\/\/schubert-jutta.de\/wp-content\/uploads\/Marilyn-187x300.png\" alt=\"Marilyn\" width=\"187\" height=\"300\" srcset=\"https:\/\/www.schubert-jutta.de\/wp-content\/uploads\/Marilyn-187x300.png 187w, https:\/\/www.schubert-jutta.de\/wp-content\/uploads\/Marilyn.png 374w\" sizes=\"auto, (max-width: 187px) 100vw, 187px\" \/><\/a><a href=\"http:\/\/www.dielmann-verlag.de\/de\/content\/Schubert-Jutta\/~nm.18~nc.57\/Gesamtliste.html#x\" target=\"_blank\" rel=\"noopener\"><strong>Die Nacht mit Marilyn<\/strong><\/a><br \/>\nErz\u00e4hlzyklus<br \/>\naxel dielmann verlag, Frankfurt 2015<br \/>\nISBN 978-3-86638-193-3<\/p>\n<p>&nbsp;<\/p>\n<p>&nbsp;<\/p>\n<p>&nbsp;<\/p>\n<p>&nbsp;<\/p>\n<p>&nbsp;<\/p>\n<p>Nichts ist ein Traum, so lange man nicht daraus erwacht. Wie immer ist aber auch in<br \/>\nJutta Schuberts Erz\u00e4hlungen das Erwachen unvermeidlich, und die verschiedenen<br \/>\nProtagonisten dieses fesselnden Erz\u00e4hlzyklus m\u00fcssen erkennen, dass nur beides gemeinsam \u2013 ihr Traum und das b\u00f6se Erwachen daraus \u2013 ein vollst\u00e4ndiges, wirkliches<br \/>\nLeben ausmachen k\u00f6nnen.<br \/>\nJutta Schuberts Texte lesen sich, als habe die Erz\u00e4hlerin bei jedem Satz die Einsamkeit und Verlorenheit auf der Seele, aus der heraus wir Menschen unser Leben zu f\u00fchren versuchen \u2013 ob wir es nun fl\u00fcchten oder annehmen, ob wir in Selbstt\u00e4uschungen verharren, bis der letzte Schritt uns zwingt, alles beim wahren Namen zu nennen, oder ob wir beim Erwachen erkennen m\u00fcssen, dass wohl niemand da gewesen ist, der uns h\u00e4tte h\u00f6ren k\u00f6nnen. Wenn die Erz\u00e4hlerin mit genauem Blick die Lebensweisen ihrer Figuren aufzeichnet, so mag das auf den ersten Blick hart erscheinen. Doch zugleich ist es ungeheuer tr\u00f6stlich, wenn man unter der Lekt\u00fcre begreift, dass einer tats\u00e4chlich ernstgenommen und verstanden wird. Und dann grenzt es an ein kleines Wunder, wenn man \u00fcber das Buch und seine diversen Lebensgeschichten hinweg bemerkt, wie Jutta<br \/>\nSchubert die 17 Texte ihres Bandes mit solcher Kunstfertigkeit verflochten hat, dass sie zur Geschichte unser aller Leben zu werden scheinen, je tiefer man der Autorin in die Lebenstr\u00e4ume ihrer Figuren folgt.<\/p>\n<p><strong>Die Nacht mit Marilyn: <\/strong>Erz\u00e4hlzyklus,<a href=\"http:\/\/www.dielmann-verlag.de\/de\/content\/Schubert-Jutta\/%7Enm.18%7Enc.57\/Gesamtliste.html#x\" target=\"_blank\" rel=\"noopener\"> axel dielmann \u2013 verlag<\/a>, Ffm, 308 Seiten, Schw\u00e4bische Broschur, Schutzumschlag, ISBN 978 3 86638 193 3, 18,- Euro<\/p>\n<p>&nbsp;<\/p>\n","protected":false},"excerpt":{"rendered":"<p>Die Nacht mit Marilyn Erz\u00e4hlzyklus axel dielmann verlag, Frankfurt 2015 ISBN 978-3-86638-193-3 &nbsp; &nbsp; &nbsp; &nbsp; &nbsp; Nichts ist ein Traum, so lange man nicht daraus erwacht. Wie immer ist aber auch in Jutta Schuberts Erz\u00e4hlungen das Erwachen unvermeidlich, und die verschiedenen Protagonisten dieses fesselnden Erz\u00e4hlzyklus m\u00fcssen erkennen, dass nur beides gemeinsam \u2013 ihr Traum&#8230;<\/p>\n","protected":false},"author":1,"featured_media":0,"parent":0,"menu_order":2,"comment_status":"closed","ping_status":"closed","template":"","meta":{"footnotes":""},"class_list":["post-600","page","type-page","status-publish","hentry"],"_links":{"self":[{"href":"https:\/\/www.schubert-jutta.de\/index.php?rest_route=\/wp\/v2\/pages\/600","targetHints":{"allow":["GET"]}}],"collection":[{"href":"https:\/\/www.schubert-jutta.de\/index.php?rest_route=\/wp\/v2\/pages"}],"about":[{"href":"https:\/\/www.schubert-jutta.de\/index.php?rest_route=\/wp\/v2\/types\/page"}],"author":[{"embeddable":true,"href":"https:\/\/www.schubert-jutta.de\/index.php?rest_route=\/wp\/v2\/users\/1"}],"replies":[{"embeddable":true,"href":"https:\/\/www.schubert-jutta.de\/index.php?rest_route=%2Fwp%2Fv2%2Fcomments&post=600"}],"version-history":[{"count":3,"href":"https:\/\/www.schubert-jutta.de\/index.php?rest_route=\/wp\/v2\/pages\/600\/revisions"}],"predecessor-version":[{"id":922,"href":"https:\/\/www.schubert-jutta.de\/index.php?rest_route=\/wp\/v2\/pages\/600\/revisions\/922"}],"wp:attachment":[{"href":"https:\/\/www.schubert-jutta.de\/index.php?rest_route=%2Fwp%2Fv2%2Fmedia&parent=600"}],"curies":[{"name":"wp","href":"https:\/\/api.w.org\/{rel}","templated":true}]}}