{"id":298,"date":"2014-02-13T17:29:22","date_gmt":"2014-02-13T17:29:22","guid":{"rendered":"http:\/\/schubert-jutta.de\/?page_id=298"},"modified":"2017-06-30T11:35:41","modified_gmt":"2017-06-30T11:35:41","slug":"zu-blau-der-himmel-im-februar","status":"publish","type":"page","link":"https:\/\/www.schubert-jutta.de\/?page_id=298","title":{"rendered":"Zu blau der Himmel im Februar"},"content":{"rendered":"<h6><\/h6>\n<h6><\/h6>\n<h6><strong><a href=\"https:\/\/www.amazon.de\/blau-Himmel-Februar-Alexander-Schmorell\/dp\/386638226X\/ref=sr_1_2?s=books&amp;ie=UTF8&amp;qid=1498821014&amp;sr=1-2&amp;keywords=jutta+schubert\" target=\"_blank\" rel=\"attachment wp-att-818 noopener\"><img loading=\"lazy\" decoding=\"async\" class=\"alignleft wp-image-818 size-medium\" src=\"http:\/\/schubert-jutta.de\/wp-content\/uploads\/Bildschirmfoto-2016-09-13-um-16.35.47-182x300.png\" alt=\"\" width=\"182\" height=\"300\" srcset=\"https:\/\/www.schubert-jutta.de\/wp-content\/uploads\/Bildschirmfoto-2016-09-13-um-16.35.47-182x300.png 182w, https:\/\/www.schubert-jutta.de\/wp-content\/uploads\/Bildschirmfoto-2016-09-13-um-16.35.47.png 388w\" sizes=\"auto, (max-width: 182px) 100vw, 182px\" \/><\/a><a href=\"https:\/\/www.amazon.de\/blau-Himmel-Februar-Alexander-Schmorell\/dp\/386638226X\/ref=sr_1_2?s=books&amp;ie=UTF8&amp;qid=1498821014&amp;sr=1-2&amp;keywords=jutta+schubert\" target=\"_blank\" rel=\"noopener\">Zu blau der Himmel im Februar<\/a><\/strong><br \/>\nRoman \u00fcber den deutschen Widerstand<br \/>\n160 Seiten, Softcover mit Schutzumschlag<br \/>\nVerlag axel dielmann, Frankfurt 2016<br \/>\nISBN 978-3-86638-226-8<\/h6>\n<p>&nbsp;<\/p>\n<p>&nbsp;<\/p>\n<p>&nbsp;<\/p>\n<p>&nbsp;<\/p>\n<p>&nbsp;<\/p>\n<p>Jutta Schubert schildert in ihrem Roman &#8222;Zu blau der Himmel im Februar&#8220; ein bisher nicht erz\u00e4hltes Schicksal des deutschen Widerstands.<\/p>\n<p>Der Roman \u00fcber Alexander Schmorell, der mit Hans Scholl ab Juni 1942 Flugbl\u00e4tter gegen das Naziregime verfa\u00dfte und verteilte, war 2013 erstmals beim Kulturmaschinen Verlag erschienen und dort ein Seller. <strong>Es erscheint hier die \u00fcberarbeitete zweite Auflage des Romans<\/strong>, der die letzten Tagen der Flucht Alexander Schmorells erz\u00e4hlt, die am 24. Februar 1943 durch Verrat und Verhaftung endete.<\/p>\n<p><em>Im Zug von M\u00fcnchen nach Klais beginne ich mit den Aufzeichnungen. Es ist Februar. F\u00f6hnwetter, blauer Himmel, f\u00fcnfzehn Grad, eine milde Sonne. Hier fuhr er entlang.<\/em><\/p>\n<p><em>An der Bahnstrecke sitzen die Leute in ihren G\u00e4rten in Liegest\u00fchlen, als sei schon Mai.<\/em><\/p>\n<p><em>Was hat er vom Zugfenster aus gesehen? Falls er \u00fcberhaupt etwas sah, und nicht die Todesangst seine Wahrnehmung tr\u00fcbte.<\/em><\/p>\n<p><em>Die B\u00e4ume \u2013 viele sind \u00e4lter als siebzig Jahre \u2013 also muss er sie gesehen haben. Zu welcher Tageszeit sah er sie? Wie lange brauchte der Zug damals? Nichts ist sicher. Nichts wird man mehr genau wissen k\u00f6nnen, niemals mehr.<\/em><\/p>\n<p><em>Bei geschlossenen Augen zeichnet die Sonne groteske Reflexe aus Licht und Schatten auf die Lider. Ein Flirren.<\/em><\/p>\n<p><em>Er hatte sicherlich die Augen offen \u2026<\/em><\/p>\n<p>Jutta Schuberts Roman erz\u00e4hlt auch die Geschichte eines jungen Mannes, der in der Erinnerung der Menschen heute und im Gedenken an die Wei\u00dfen Rose beinahe v\u00f6llig vergessen ist. Ohne ihn indes, h\u00e4tte es die Wei\u00dfe Rose wohl nie gegeben \u2013 einiges Aufschlussreiche war w\u00e4hrend eines Stipendienaufenthaltes von Jutta Schubert in der <a href=\"http:\/\/www.pragerzeitung.cz\/index.php\/home\/kultur\/18808-der-blick-von-aussen-interessiert-mich\" target=\"_blank\" rel=\"noopener\">Prager Zeitung<\/a> zu lesen. \u2013 Das H\u00f6rbuch, gesprochen von Bettina R\u00f6mer, ist im <span class=\"author notFaded\" data-width=\"158\"><span class=\"a-link-normal\"><a href=\"http:\/\/www.thono-audio-verlag.de\/index_htm_files\/zu%20blau%20der%20Himmel.jpg\" target=\"_blank\" rel=\"noopener\">thono-audio-verlag<\/a> erschienen.<\/span><\/span><\/p>\n","protected":false},"excerpt":{"rendered":"<p>Zu blau der Himmel im Februar Roman \u00fcber den deutschen Widerstand 160 Seiten, Softcover mit Schutzumschlag Verlag axel dielmann, Frankfurt 2016 ISBN 978-3-86638-226-8 &nbsp; &nbsp; &nbsp; &nbsp; &nbsp; Jutta Schubert schildert in ihrem Roman &#8222;Zu blau der Himmel im Februar&#8220; ein bisher nicht erz\u00e4hltes Schicksal des deutschen Widerstands. Der Roman \u00fcber Alexander Schmorell, der mit&#8230;<\/p>\n","protected":false},"author":1,"featured_media":0,"parent":0,"menu_order":1,"comment_status":"closed","ping_status":"closed","template":"","meta":{"footnotes":""},"class_list":["post-298","page","type-page","status-publish","hentry"],"_links":{"self":[{"href":"https:\/\/www.schubert-jutta.de\/index.php?rest_route=\/wp\/v2\/pages\/298","targetHints":{"allow":["GET"]}}],"collection":[{"href":"https:\/\/www.schubert-jutta.de\/index.php?rest_route=\/wp\/v2\/pages"}],"about":[{"href":"https:\/\/www.schubert-jutta.de\/index.php?rest_route=\/wp\/v2\/types\/page"}],"author":[{"embeddable":true,"href":"https:\/\/www.schubert-jutta.de\/index.php?rest_route=\/wp\/v2\/users\/1"}],"replies":[{"embeddable":true,"href":"https:\/\/www.schubert-jutta.de\/index.php?rest_route=%2Fwp%2Fv2%2Fcomments&post=298"}],"version-history":[{"count":4,"href":"https:\/\/www.schubert-jutta.de\/index.php?rest_route=\/wp\/v2\/pages\/298\/revisions"}],"predecessor-version":[{"id":929,"href":"https:\/\/www.schubert-jutta.de\/index.php?rest_route=\/wp\/v2\/pages\/298\/revisions\/929"}],"wp:attachment":[{"href":"https:\/\/www.schubert-jutta.de\/index.php?rest_route=%2Fwp%2Fv2%2Fmedia&parent=298"}],"curies":[{"name":"wp","href":"https:\/\/api.w.org\/{rel}","templated":true}]}}