{"id":288,"date":"2014-02-13T16:36:01","date_gmt":"2014-02-13T16:36:01","guid":{"rendered":"http:\/\/schubert-jutta.de\/?page_id=288"},"modified":"2017-06-30T11:14:12","modified_gmt":"2017-06-30T11:14:12","slug":"zwischen-sein-und-spielen","status":"publish","type":"page","link":"https:\/\/www.schubert-jutta.de\/?page_id=288","title":{"rendered":"Zwischen Sein und Spielen"},"content":{"rendered":"<p><strong><a href=\"http:\/\/www.amazon.de\/Zwischen-Sein-Spielen-George-Liebeserkl\u00e4rung\/dp\/3943977498\/ref=sr_1_1?s=books&amp;ie=UTF8&amp;qid=1392308996&amp;sr=1-1&amp;keywords=Jutta+Schubert+Zwischen+Sein+und+Spielen\" target=\"_blank\" rel=\"noopener\"><img loading=\"lazy\" decoding=\"async\" class=\"alignleft size-full wp-image-289\" src=\"http:\/\/schubert-jutta.de\/wp-content\/uploads\/tabori180.jpg\" alt=\"tabori180\" width=\"180\" height=\"300\" \/><\/a><a href=\"http:\/\/www.amazon.de\/Zwischen-Sein-Spielen-George-Liebeserkl\u00e4rung\/dp\/3943977498\/ref=sr_1_1?s=books&amp;ie=UTF8&amp;qid=1392308996&amp;sr=1-1&amp;keywords=Jutta+Schubert+Zwischen+Sein+und+Spielen\" target=\"_blank\" rel=\"noopener\">Zwischen Sein und Spielen<\/a><\/strong><br \/>\nGeorge Tabori &#8211; Eine Liebeserkl\u00e4rung<br \/>\n<a href=\"http:\/\/www.kulturmaschinen.com\" target=\"_blank\" rel=\"noopener\">Kulturmaschinen Verlag<\/a>, Berlin, 2014<br \/>\nISBN-13: 978-3943977-493<\/p>\n<p>&nbsp;<\/p>\n<p>&nbsp;<\/p>\n<p>&nbsp;<\/p>\n<p>&nbsp;<\/p>\n<p>&nbsp;<\/p>\n<p>George Tabori, geboren 1914 in Budapest als Sohn j\u00fcdischer Eltern, gestorben 2007 in Berlin, war eine der beeindruckendsten Pers\u00f6nlichkeiten des deutschsprachigen Theaters in der zweiten H\u00e4lfte des 20. Jahrhunderts. Wer mit ihm arbeitete, den pr\u00e4gte und faszinierte seine besondere Vorgehensweise w\u00e4hrend der Proben, sein Umgang mit Menschen, Themen und Texten. Er verfasste Romane und Dramen, schrieb Drehb\u00fccher, war \u00dcbersetzer in den USA und ein profilierter Theatermacher in Deutschland. Seine Flucht vor den Nationalsozialisten f\u00fchrte ihn \u00fcber Wien und Prag nach London und schlie\u00dflich in die Vereinigten Staaten. Seit den fr\u00fchen 1970er Jahren zur\u00fcck in Europa, blieb der Kosmopolit bei den \u201eguten Deutschen\u201c, wie er sie nannte, die seinen Vater in Auschwitz ermordet hatten. Er zeigte seinem Publikum in seinen Inszenierungen und den eigenen Theaterst\u00fccken die Verheerungen von Rassismus, Ausgrenzung und Massenmord auf, konterkariert mit schwarzem Humor und absurder Komik. Jutta Schubert verfolgte seine Theaterarbeit bereits als Studentin und begegnete ihm in den fr\u00fchen Achtzigerjahren als Regieassistentin am Schauspielhaus Bochum unter der Intendanz von Claus Peymann. In ihren Erinnerungen an die Begegnungen mit dem gro\u00dfen Theatermann, dessen Wirken und Person auch ihre eigene Theaterarbeit entscheidend beeinflusst haben, zeichnet sie das Bild eines unvergesslichen Theaterzauberers.<\/p>\n","protected":false},"excerpt":{"rendered":"<p>Zwischen Sein und Spielen George Tabori &#8211; Eine Liebeserkl\u00e4rung Kulturmaschinen Verlag, Berlin, 2014 ISBN-13: 978-3943977-493 &nbsp; &nbsp; &nbsp; &nbsp; &nbsp; George Tabori, geboren 1914 in Budapest als Sohn j\u00fcdischer Eltern, gestorben 2007 in Berlin, war eine der beeindruckendsten Pers\u00f6nlichkeiten des deutschsprachigen Theaters in der zweiten H\u00e4lfte des 20. Jahrhunderts. Wer mit ihm arbeitete, den pr\u00e4gte&#8230;<\/p>\n","protected":false},"author":1,"featured_media":0,"parent":0,"menu_order":3,"comment_status":"closed","ping_status":"closed","template":"sidebar-page.php","meta":{"footnotes":""},"class_list":["post-288","page","type-page","status-publish","hentry"],"_links":{"self":[{"href":"https:\/\/www.schubert-jutta.de\/index.php?rest_route=\/wp\/v2\/pages\/288","targetHints":{"allow":["GET"]}}],"collection":[{"href":"https:\/\/www.schubert-jutta.de\/index.php?rest_route=\/wp\/v2\/pages"}],"about":[{"href":"https:\/\/www.schubert-jutta.de\/index.php?rest_route=\/wp\/v2\/types\/page"}],"author":[{"embeddable":true,"href":"https:\/\/www.schubert-jutta.de\/index.php?rest_route=\/wp\/v2\/users\/1"}],"replies":[{"embeddable":true,"href":"https:\/\/www.schubert-jutta.de\/index.php?rest_route=%2Fwp%2Fv2%2Fcomments&post=288"}],"version-history":[{"count":4,"href":"https:\/\/www.schubert-jutta.de\/index.php?rest_route=\/wp\/v2\/pages\/288\/revisions"}],"predecessor-version":[{"id":923,"href":"https:\/\/www.schubert-jutta.de\/index.php?rest_route=\/wp\/v2\/pages\/288\/revisions\/923"}],"wp:attachment":[{"href":"https:\/\/www.schubert-jutta.de\/index.php?rest_route=%2Fwp%2Fv2%2Fmedia&parent=288"}],"curies":[{"name":"wp","href":"https:\/\/api.w.org\/{rel}","templated":true}]}}