{"id":21,"date":"2012-12-25T16:13:48","date_gmt":"2012-12-25T16:13:48","guid":{"rendered":"http:\/\/schubert-jutta.de\/?page_id=21"},"modified":"2021-07-27T11:24:00","modified_gmt":"2021-07-27T11:24:00","slug":"inszenierungen","status":"publish","type":"page","link":"https:\/\/www.schubert-jutta.de\/?page_id=21","title":{"rendered":"Regie"},"content":{"rendered":"<h2>2020<\/h2>\n<ul>\n<li><strong>Cervantes<\/strong><br \/>\nFigurentheater, UA<\/li>\n<li><strong>Purgatorio<\/strong><br \/>\nSchauspiel von Ariel Dorfman<\/li>\n<\/ul>\n<h2>2019<\/h2>\n<ul>\n<li><strong>Lippe geleckt<\/strong><br \/>\nSzenische Lesung aus dem St\u00fcck von Hohenemser\/Winzen<\/li>\n<li><strong>Seelisch verwendbar<\/strong><br \/>\nEin Erich K\u00e4stner-Abend<\/li>\n<\/ul>\n<h2>2018<\/h2>\n<ul>\n<li><a href=\"https:\/\/www.schubert-jutta.de\/inszenierungen\/die-wiedergutmachung\/\" target=\"_blank\" rel=\"noopener\"><strong>Die Wiedergutmachung oder Wie man einen verlorenen Krieg gewinnt<\/strong><\/a><br \/>\nSzenische Lesung aus dem St\u00fcck von Michael Schneider<\/li>\n<li><strong><a href=\"https:\/\/www.schubert-jutta.de\/inszenierungen\/ente-tod-und-tulpe\/\"><span style=\"color: #000000;\"><span style=\"color: #33cccc;\"><span style=\"color: #3366ff;\">Ente, Tod und Tulpe<\/span><\/span><\/span><\/a><br \/>\n<\/strong>von Nora Dirisamer nach Wolf Erlbruchs Kinderbuch<\/li>\n<\/ul>\n<h2>2017<\/h2>\n<ul>\n<li><a href=\"http:\/\/schubert-jutta.de\/heute-schon-gelacht\/\" target=\"_blank\" rel=\"noopener\"><strong>Heute schon gelacht?<\/strong><\/a> Loriots t\u00e4glicher Wahnsinn<\/li>\n<\/ul>\n<h2>2016<\/h2>\n<ul>\n<li><strong><a href=\"http:\/\/schubert-jutta.de\/inszenierungen\/der-kuss-der-spinnenfrau\/\" target=\"_blank\" rel=\"noopener\">Der Kuss der Spinnenfrau<\/a><\/strong>, Schauspiel von Manuel Puig,<br \/>\nWelturauff\u00fchrung als Solost\u00fcck<\/li>\n<li><a href=\"http:\/\/schubert-jutta.de\/inszenierungen\/860-2\/\" target=\"_blank\" rel=\"noopener\"><strong>Wer dreimal l\u00fcgt &#8211; Die unglaublichen Abenteuer des Baron M\u00fcnchhausen<\/strong><\/a><br \/>\nein Familientheaterst\u00fcck \u00fcber das Vergn\u00fcgen am L\u00fcgen von Jutta Schubert<\/li>\n<\/ul>\n<h2>2015<\/h2>\n<ul>\n<li><a href=\"http:\/\/schubert-jutta.de\/inszenierungen\/casanovas-nacht\/\"><strong>Casanovas Nacht<\/strong><\/a>, Schauspiel von Jutta Schubert, UA<\/li>\n<\/ul>\n<h2>2014<\/h2>\n<ul>\n<li><a href=\"http:\/\/schubert-jutta.de\/inszenierungen\/figaros-hochzeit\/\" target=\"_blank\" rel=\"noopener\"><strong>Figaros Hochzeit<\/strong><\/a>, Kom\u00f6die von Beaumarchais<\/li>\n<\/ul>\n<h2>2013<\/h2>\n<ul>\n<li><a href=\"http:\/\/schubert-jutta.de\/inszenierungen\/hamlet\/\" target=\"_blank\" rel=\"noopener\"><strong>Hamlet<\/strong><\/a>, Trag\u00f6die von William Shakespeare<\/li>\n<\/ul>\n<h2>2012<\/h2>\n<ul>\n<li><strong><a href=\"http:\/\/schubert-jutta.de\/inszenierungen\/krisenfest-2\/\" target=\"_blank\" rel=\"noopener\">KrisenFest<\/a><\/strong>, Kom\u00f6die \u00fcber den Weltuntergang und andere Krisen,UA<\/li>\n<li><a title=\"Die 39 Stufen\" href=\"http:\/\/schubert-jutta.de\/inszenierungen\/die-39-stufen\/\"><strong>Die 39 Stufen<\/strong><\/a>, Schauspiel von Buchan\/Hitchcock\/Barlow<\/li>\n<li><a title=\"Der Tod und das M\u00e4dchen\" href=\"http:\/\/schubert-jutta.de\/inszenierungen\/der-tod-und-das-madchen\/\"><strong>Der Tod und das M\u00e4dchen<\/strong><\/a>, Schauspiel von Ariel Dorfman<\/li>\n<\/ul>\n<h2>2011<\/h2>\n<ul>\n<li><a title=\"Die Schwestern Bront\u00eb\" href=\"http:\/\/schubert-jutta.de\/inszenierungen\/die-schwestern-bronte\/\"><strong>Die Schwestern Bront\u00eb<\/strong><\/a>, Schauspiel, UA<\/li>\n<li><a href=\"http:\/\/schubert-jutta.de\/inszenierungen\/der-name-der-rose\/\" target=\"_blank\" rel=\"noopener\"><strong>Der Name der Rose<\/strong><\/a>, Schauspiel nach Umberto Eco<\/li>\n<li><strong>Die zweite Prinzessin<\/strong>, Kinderst\u00fcck von Gertrud Pigor<\/li>\n<\/ul>\n<h2>2010<\/h2>\n<ul>\n<li><strong>Jeanne d&#8217;Arc<\/strong>, Masken- und Tanztheater<\/li>\n<li><strong>Weil ich dich liebe<\/strong>, Musicalkonzert<\/li>\n<li><strong>Rostige Rosen<\/strong>, Schauspiel zur Genderthematik, UA<\/li>\n<\/ul>\n<h2>2009<\/h2>\n<ul>\n<li><strong>Jakobs Weg<\/strong>, Multimediales St\u00fcck \u00fcber Stra\u00dfenkinder in Deutschland, UA<\/li>\n<li><strong>Amors Pfeile<\/strong>, Kom\u00f6die<\/li>\n<\/ul>\n<h2>2008<\/h2>\n<ul>\n<li><strong>Die Ges\u00e4nge der Wale<\/strong>, Figurentheater (Neufassung)<\/li>\n<li><strong>Orlando<\/strong>, Schauspiel und Figurentheater nach Virginia Woolf<\/li>\n<li><strong>LiebesLeben<\/strong>, St\u00fcck zum Thema HIV und AIDS von Jutta Schubert, UA<\/li>\n<\/ul>\n<h2>2007<\/h2>\n<ul>\n<li><strong>Kohlhaas<\/strong>, Schauspiel und Figurentheater nach Heinrich von Kleist<\/li>\n<li><strong>Caravaggio &#8211; Maler, Rebell, Genie<\/strong>, Figurentheater, UA<\/li>\n<\/ul>\n<h2>2006<\/h2>\n<ul>\n<li><strong>Die Legende vom Weihnachtsmann<\/strong>, Kinderst\u00fcck, UA<\/li>\n<li><strong>Drei Chinesen mit dem Kontrabass<\/strong>, Kinderst\u00fcck, UA<\/li>\n<li><strong>Amor &amp; Psycho<\/strong>, Kom\u00f6die, UA<\/li>\n<\/ul>\n<h2>2004<\/h2>\n<ul>\n<li><strong>Paganini &#8211; Die Macht der T\u00f6ne<\/strong>, Figurentheater, UA<\/li>\n<li><strong>Der Die Das Schnecke<\/strong>, Kinderst\u00fcck, UA<\/li>\n<\/ul>\n<h2>2003<\/h2>\n<ul>\n<li><strong>Hexenpacken<\/strong>, Hochschule f\u00fcr Musik und Darstellende Kunst, Stuttgart<\/li>\n<li><strong>Ungehaltene Reden ungehaltener Frauen<\/strong>, Szenen von Christine Br\u00fcckner<\/li>\n<li><strong>Tr\u00e4ume von Tr\u00e4umen<\/strong>, 5 Szenen \u00fcber Goya, Ovid, Freud, D\u00e4dalus und Lorca, UA<\/li>\n<li><strong>Mutters Courage<\/strong>, Schauspiel von George Tabori<\/li>\n<\/ul>\n<h2>2002<\/h2>\n<ul>\n<li><strong>Dschungelbuch<\/strong>, Kinderst\u00fcck nach Rudyard Kipling<\/li>\n<li><strong>Tochtertag<\/strong>, Kinderst\u00fcck von Lilly Axster<\/li>\n<li><strong>Coming Out!<\/strong>, Klassenzimmerst\u00fcck von Jutta Schubert, UA<\/li>\n<\/ul>\n<h2>2001<\/h2>\n<ul>\n<li><strong>Nachbar Froschk\u00f6nig<\/strong>, Kinderst\u00fcck von Wolfgang Mennel<\/li>\n<li><strong>Salvador Dal\u00ed &#8211; Der gro\u00dfe Masturbator<\/strong>, biografische B\u00fchnenshow \u00fcber Dal\u00ed, UA<\/li>\n<\/ul>\n<h2>2000<\/h2>\n<ul>\n<li><strong>Es war im Bremerwald<\/strong>, Kinderst\u00fcck von Wilfried Grote<\/li>\n<li><strong>Der Ansager einer Stripteasenummer gibt nicht auf<\/strong>,<br \/>\nSchauspiel von Bodo Kirchhoff<\/li>\n<li><strong>Heute Nacht und morgen fr\u00fch<\/strong>, Jugendst\u00fcck von Jutta Schubert, UA<\/li>\n<li><strong>Die kleine Hexe Wackelzahn in Bongo<\/strong>, Kinderst\u00fcck, UA<\/li>\n<li><strong>Katzenw\u00e4sche<\/strong>, Kinderst\u00fcck von Katja Kandel, UA<\/li>\n<\/ul>\n<h2>1999<\/h2>\n<ul>\n<li><strong>Mona Alma &#8211; Variationen \u00fcber Kokoschkas Puppe<\/strong>, Figurentheater, UA<\/li>\n<\/ul>\n<h2>1998<\/h2>\n<ul>\n<li><strong>Das h\u00e4ssliche Entlein<\/strong>, Kinderst\u00fcck<\/li>\n<li><strong>Es war im Bremerwald<\/strong>, Kinderst\u00fcck von Wilfried Grote<\/li>\n<li><strong>Macbeth<\/strong>, Trag\u00f6die von William Shakespeare<\/li>\n<li><strong>Loriots dramatische Werke<\/strong>, Szenenfolge<\/li>\n<\/ul>\n<h2>1997<\/h2>\n<ul>\n<li><strong>Die Ges\u00e4nge der Wale<\/strong>, Figurentheater, UA<\/li>\n<li><strong>Die kleine Hexe Wackelzahn<\/strong>, Kinderst\u00fcck, UA<\/li>\n<\/ul>\n<h2>1996<\/h2>\n<ul>\n<li><strong>Dossier: Ronald Akkerman<\/strong>, von Suzanne van Lohuizen<\/li>\n<li><strong>Die Box<\/strong>, Umweltst\u00fcck f\u00fcr Kinder, UA<\/li>\n<li><strong>Die lustigen Weiber von Windsor<\/strong>, Kom\u00f6die von William Shakespeare<\/li>\n<li><strong>Karneval der Tiere<\/strong>, Kinderst\u00fcck mit der Musik von Camille Saint-Sa\u00ebns<\/li>\n<\/ul>\n<h2>1995<\/h2>\n<ul>\n<li><strong>Kopfl\u00e4use<\/strong>, Figuren- und Objekttheater, UA<\/li>\n<li><strong>Golliwogg &amp; Co.<\/strong>, Kinderst\u00fcck nach Children&#8217;s Corner von Claude Debussy, UA<\/li>\n<\/ul>\n<h2>1994<\/h2>\n<ul>\n<li><strong>Lulu<\/strong>, Schauspiel und Figurentheater nach Frank Wedekind<\/li>\n<li><strong>Jacke wie Hose<\/strong>, Schauspiel von Manfred Karge<\/li>\n<li><strong>Von einem, der auszog, das F\u00fcrchten zu lernen<\/strong>, Kinderst\u00fcck<br \/>\nnach den Br\u00fcdern Grimm von Jutta Schubert u. Michail Bartenjew, UA<\/li>\n<li><strong>Die Bremer Stadtmusikanten<\/strong>, Kinderst\u00fcck von Peter Ensikat<\/li>\n<\/ul>\n<h2>1993<\/h2>\n<ul>\n<li><strong>Wir haben euch zum Fressen gern<\/strong>, Schlagerrevue<\/li>\n<li><strong>Das Ding<\/strong>, Umweltst\u00fcck f\u00fcr Kinder, UA<\/li>\n<li><strong>Executor 14<\/strong>, Schauspiel von Adel Hakim<\/li>\n<li><strong>Jubil\u00e4um<\/strong>, Schauspiel von George Tabori<\/li>\n<\/ul>\n","protected":false},"excerpt":{"rendered":"<p>2020 Cervantes Figurentheater, UA Purgatorio Schauspiel von Ariel Dorfman 2019 Lippe geleckt Szenische Lesung aus dem St\u00fcck von Hohenemser\/Winzen Seelisch verwendbar Ein Erich K\u00e4stner-Abend 2018 Die Wiedergutmachung oder Wie man einen verlorenen Krieg gewinnt Szenische Lesung aus dem St\u00fcck von Michael Schneider Ente, Tod und Tulpe von Nora Dirisamer nach Wolf Erlbruchs Kinderbuch 2017 Heute&#8230;<\/p>\n","protected":false},"author":1,"featured_media":0,"parent":0,"menu_order":4,"comment_status":"closed","ping_status":"closed","template":"sidebar-page.php","meta":{"footnotes":""},"class_list":["post-21","page","type-page","status-publish","hentry"],"_links":{"self":[{"href":"https:\/\/www.schubert-jutta.de\/index.php?rest_route=\/wp\/v2\/pages\/21","targetHints":{"allow":["GET"]}}],"collection":[{"href":"https:\/\/www.schubert-jutta.de\/index.php?rest_route=\/wp\/v2\/pages"}],"about":[{"href":"https:\/\/www.schubert-jutta.de\/index.php?rest_route=\/wp\/v2\/types\/page"}],"author":[{"embeddable":true,"href":"https:\/\/www.schubert-jutta.de\/index.php?rest_route=\/wp\/v2\/users\/1"}],"replies":[{"embeddable":true,"href":"https:\/\/www.schubert-jutta.de\/index.php?rest_route=%2Fwp%2Fv2%2Fcomments&post=21"}],"version-history":[{"count":54,"href":"https:\/\/www.schubert-jutta.de\/index.php?rest_route=\/wp\/v2\/pages\/21\/revisions"}],"predecessor-version":[{"id":1409,"href":"https:\/\/www.schubert-jutta.de\/index.php?rest_route=\/wp\/v2\/pages\/21\/revisions\/1409"}],"wp:attachment":[{"href":"https:\/\/www.schubert-jutta.de\/index.php?rest_route=%2Fwp%2Fv2%2Fmedia&parent=21"}],"curies":[{"name":"wp","href":"https:\/\/api.w.org\/{rel}","templated":true}]}}