{"id":19,"date":"2012-12-25T16:13:29","date_gmt":"2012-12-25T16:13:29","guid":{"rendered":"http:\/\/schubert-jutta.de\/?page_id=19"},"modified":"2018-01-18T23:16:47","modified_gmt":"2018-01-18T23:16:47","slug":"theaterstucke","status":"publish","type":"page","link":"https:\/\/www.schubert-jutta.de\/?page_id=19","title":{"rendered":"St\u00fccke"},"content":{"rendered":"<h2>2016<\/h2>\n<ul>\n<li><strong><a href=\"http:\/\/schubert-jutta.de\/inszenierungen\/860-2\/\" target=\"_blank\" rel=\"noopener\">Wer dreimal l\u00fcgt<\/a> &#8211; die unglaublichen Abenteuer des Barons M\u00fcnchhausen <\/strong>UA 2016, im VANDRICH, Naumburg, Buch und Regie: Jutta Schubert, Rechte: bei der Autorin.<\/li>\n<\/ul>\n<h2>2015<\/h2>\n<ul>\n<li><a href=\"http:\/\/schubert-jutta.de\/inszenierungen\/casanovas-nacht\/\" target=\"_blank\" rel=\"noopener\"><strong>Casanovas Nacht<\/strong><\/a>, Schauspiel<br \/>\nUA Theater Naumburg, Regie: Jutta Schubert, Rechte: Theaterst\u00fcckverlag Korn-Wimmer, M\u00fcnchen<\/li>\n<\/ul>\n<h2>2013<\/h2>\n<ul>\n<li><a href=\"http:\/\/schubert-jutta.de\/inszenierungen\/hamlet\/\" target=\"_blank\" rel=\"noopener\"><strong>Hamlet<\/strong><\/a>, Bearbeitung und Neu\u00fcbersetzung der Trag\u00f6die von William Shakespeare, UA Theater Naumburg, Regie: Jutta Schubert, Rechte: Theaterst\u00fcckverlag Korn-Wimmer, M\u00fcnchen<\/li>\n<\/ul>\n<h2>2011<\/h2>\n<ul>\n<li><strong>Der t\u00e4gliche Wahnsinn, <\/strong>14 Minidramen, UA Wiesbadener Kammerspiele,<br \/>\nRegie: Klaus-Dieter K\u00f6hler, Rechte bei der Autorin<\/li>\n<li><strong>Lieben und T\u00f6ten &#8211; Das kurze Leben des Heinrich von Kleist<\/strong>, Schauspiel,<br \/>\nUA Kleines Theater M\u00fcnchen-Haar, Regie: Michael Stacheder<br \/>\nRechte: Theaterst\u00fcckverlag Korn-Wimmer, M\u00fcnchen<\/li>\n<\/ul>\n<h2>2010<\/h2>\n<ul>\n<li><strong>Kafkas Bureau &#8211; Eine alptraumhafte Collage aus Franz Kafkas Welt<\/strong>, Schauspiel, UA th\u00e9atre des capucins, Luxembourg, Regie: Andreas Baesler,<br \/>\nRechte bei der Autorin<!-- [if gte mso 9]><xml>\n<o:documentproperties>\n<o:version>15.00<\/o:version>\n<\/o:documentproperties>\n<\/xml>< ![endif]--><\/li>\n<\/ul>\n<h2>2009<\/h2>\n<ul>\n<li><strong>Jakobs Weg<\/strong>, Schauspiel, gemeinsam mit Heidi Callewaert<br \/>\nUA Weinheim\/Bergstra\u00dfe, Regie: Jutta Schubert, Rechte bei den Autorinnen<\/li>\n<li><strong>Die Bremer Stadtmusikanten<\/strong>, Kinderoper-Libretto nach den Gebr. Grimm,<br \/>\nMusik von Mozart, Rossini, Offenbach u.a., UA Domstufen Festspiele Erfurt,<br \/>\nRegie: Tabea Kranefoed, Rechte am Text: Jutta Schubert,<br \/>\nMusikarrangements der UA: Johannes Pell<\/li>\n<\/ul>\n<h2>2008<\/h2>\n<ul>\n<li><strong>LiebesLeben<\/strong>, Schauspiel zum Thema HIV und AIDS<br \/>\nUA kommunales kontakt teater, Stuttgart Bad Canstatt, Regie: Jutta Schubert<br \/>\nRechte: Theaterst\u00fcckverlag Korn-Wimmer, M\u00fcnchen<\/li>\n<li><strong>Die versunkene Stadt<\/strong>, Kinderoper-Libretto, Musik Violeta Dinescu<br \/>\nUA Staatstheater Mainz, Regie; Svenja Tiedt, weitere Inszenierungen u.a. an der<br \/>\nKinderoper Hamburg u. Theater Plauen, 2011<br \/>\nTextrechte bei der Autorin, Musikrechte bei der Komponistin<\/li>\n<\/ul>\n<h2>2007<\/h2>\n<ul>\n<li><strong>Kohlhaas<\/strong>, nach Heinrich von Kleist, Monolog<br \/>\ngemeinsam mit Martin Bachmann, UA FITZ! Zentrum f\u00fcr Figurentheater, Stuttgart, Regie: Jutta Schubert, Rechte bei den Autoren<\/li>\n<li><strong>Old Germany<\/strong>, Musical-Libretto, Musik Siegfried K\u00f6hler<br \/>\nUA frei, Rechte: Schott Verlag, Mainz<\/li>\n<li><strong>Peterchens Mondfahrt, <\/strong>nach Gerdt von Bassewitz, Kinderst\u00fcck,<br \/>\nUA Puppentheater Magdeburg, Regie: Martin Bachmann, Rechte bei der Autorin<\/li>\n<\/ul>\n<h2>2006<\/h2>\n<ul>\n<li><strong>Als der Weihnachtsmann vom Himmel fiel<\/strong>, nach Cornelia Funke, Kinderst\u00fcck,<br \/>\nUA Puppentheater Magdeburg, Regie Martin Bachmann<br \/>\nRechte: Verlag f\u00fcr Kindertheater, Hamburg<\/li>\n<li><strong>Hornissenzeit<\/strong>, Monolog, UA Junges Schauspiel Ensemble M\u00fcnchen, Reithalle, Regie: Rudi Gaul. Weitere Inszenierungen u.a. Theater Janne Wagler T\u00fcbingen 2009, Societaetstheater Dresden 2011,<br \/>\nRechte: Theaterst\u00fcckverlag Korn-Wimmer, M\u00fcnchen<\/li>\n<li><strong>Stranden<\/strong>, Schauspiel, 2. Teil der &#8218;Trilogie der verlorenen Paradiese&#8216;, UA frei, Rechte: Theaterst\u00fcckverlag Korn-Wimmer, M\u00fcnchen<\/li>\n<\/ul>\n<h2>2005<\/h2>\n<ul>\n<li><strong>Nils Holgersson<\/strong>, nach Selma Lagerl\u00f6f, Kinderst\u00fcck,<br \/>\nUA Puppentheater Dessau, Regie: Martin Bachmann, Rechte bei der Autorin<\/li>\n<\/ul>\n<h2>2004<\/h2>\n<ul>\n<li><strong>Der Die Das Schnecke<\/strong>, Kinderst\u00fcck, gemeinsam mit Horst Emrich<br \/>\nUA Kulturzentrum Merlin, Stuttgart, Regie: Jutta Schubert, Rechte bei den Autoren<\/li>\n<\/ul>\n<h2>2002<\/h2>\n<ul>\n<li><strong>TeufelsKom\u00f6diant<\/strong>, Schauspiel, UA Theater Trier, Regie: Andreas Baesler,<br \/>\nRechte bei der Autorin<\/li>\n<li><strong>Dschungelbuch<\/strong>, frei nach Rudyard Kipling, Kinderst\u00fcck,<br \/>\nUA Theater im Zentrum, Stuttgart, Regie: Jutta Schubert<br \/>\nRechte bei der Autorin<\/li>\n<li><strong>Coming Out!<\/strong>, Monolog\/Klassenzimmerst\u00fcck, UA Theater im Zentrum, Stuttgart, Regie: Jutta Schubert, SEA: Theater Kanton Bern.<br \/>\nWeitere Auff\u00fchrungen u.a. Theater der Jungen Welt Leipzig 2002,<br \/>\nTheater Brandenburg, Schleswig-Holsteinisches Theater Schleswig 2013,<br \/>\nRechte: Theaterst\u00fcckverlag Korn-Wimmer, M\u00fcnchen<\/li>\n<\/ul>\n<h2>2001<\/h2>\n<ul>\n<li><strong>Das Ei des Kolumbus<\/strong>, Szenen f\u00fcrs Figurentheater, UA Figurentheater M\u00fcrle, Mottenk\u00e4fig Pforzheim, Regie Martin Bachmann, Rechte bei der Autorin<\/li>\n<li><strong>Das Geheimnis der Mona Lisa<\/strong>, Musical-Libretto, gemeinsam mit Edda Petri, Musik Wolfgang Heinzel, UA Zeltstadt Merzig\/Saar 2001, Regie: Matthias Davids, Rechte: Musik &amp; Theater Saar GmbH, Merzig<\/li>\n<\/ul>\n<h2>2000<\/h2>\n<ul>\n<li><strong>Heute Nacht und morgen fr\u00fch<\/strong>, Jugendst\u00fcck,<br \/>\nUA Theater im Zentrum, Stuttgart, Regie: Jutta Schubert,<br \/>\nRechte: Theaterst\u00fcckverlag Korn-Wimmer, M\u00fcnchen (unter dem Titel &#8218;Nighttrip&#8216;)<\/li>\n<\/ul>\n<h2>1999<\/h2>\n<ul>\n<li><strong>Helena oder Das irdische Gl\u00fcck<\/strong>, Schauspiel, UA Theater Trier,<br \/>\nRegie: Gabriele Mugdan, Rechte bei der Autorin<\/li>\n<\/ul>\n<h2>1998<\/h2>\n<ul>\n<li><strong>Dein ist mein ganzes Herz<\/strong>, Libretto f\u00fcr einen Operettenabend, UA Oper Luzern<br \/>\nRegie: Andreas Baesler, DEA Volkstheater Rostock, Kurhaus Warnem\u00fcnde 2001, Regie: Klaus-Dietrer K\u00f6hler, Textrechte bei der Autorin, Musik bei div. Komponisten<\/li>\n<li><strong>Adieu Marx<\/strong>, Schauspiel, UA Theater Trier, Regie: Klaus-Dieter K\u00f6hler,<br \/>\nRechte: Theaterst\u00fcckverlag Korn-Wimmer, M\u00fcnchen<\/li>\n<\/ul>\n<h2>1997<\/h2>\n<ul>\n<li><strong>Europa nach dem Regen<\/strong>, Minidramen 1989 &#8211; 1997, UA u.a. in Wiesbaden, Regensburg, Stuttgart, Trier, Rechte bei der Autorin<\/li>\n<\/ul>\n<h2>1996<\/h2>\n<ul>\n<li><strong>Hexenbrennen<\/strong>, Schauspiel, UA Theater Trier, Regie: Klaus-Dieter K\u00f6hler<br \/>\nRechte: Theaterst\u00fcckverlag Korn-Wimmer, M\u00fcnchen<\/li>\n<li><strong>Die drei Musketiere<\/strong>, Schauspiel nach Alexandre Dumas, UA Heub\u00fchne,<br \/>\nCH-Matzingen, 2002, Regie: P. Haas, DEA frei<br \/>\nRechte: Theaterst\u00fcckverlag Korn-Wimmer, M\u00fcnchen<\/li>\n<\/ul>\n<h2>1995<\/h2>\n<ul>\n<li><strong>Die Wei\u00dfe Rose &#8211; Aus den Archiven des Terrors<\/strong>, Schauspiel, UA Junges Schauspiel Ensemble M\u00fcnchen, Reithalle 2004, Regie Michael Stacheder,<br \/>\n\u00d6EA THEO-Studiob\u00fchne Oberzeiring 2008, Regie Peter Fa\u00dfhuber,<br \/>\nWerkstattauff\u00fchrung im Theater Polygon, Fellbach 1997, Regie: Peter Hauser, Lesung beim Heidelberger St\u00fcckemarkt 1998. Weitere Auff\u00fchrungen u.a.<br \/>\nSandkorn-Theater Karlsruhe 2011, Theater Bamberg 2014<br \/>\nRechte: Theaterst\u00fcckverlag Korn-Wimmer, M\u00fcnchen<\/li>\n<li><strong>Eden<\/strong>, Schauspiel, 1. Teil der &#8218;Trilogie der verlorenen Paradiese&#8216;,<br \/>\nUA Staatstheater Kassel 1998, Regie: Dagrun Hintze,<br \/>\nRechte: Theaterst\u00fcckverlag Korn-Wimmer, M\u00fcnchen<\/li>\n<\/ul>\n<h2>1994<\/h2>\n<ul>\n<li><strong>Von einem, der auszog das F\u00fcrchten zu lernen<\/strong>, Kinderst\u00fcck nach den Gebr. Grimm, gemeinsam mit Michail Bartenjev, Moskau, UA Kinder- und Jugendtheater Omsk\/Sibirien, Regie: Jutta Schubert, DEA Theater \u00dcberzwerg Saarbr\u00fccken 1995, Regie: Iris Beyer. Weitere Auff\u00fchrungen u.a. Nationaltheater Mannheim 1996, Comedia Colonia K\u00f6ln 1996, Caroussel Theater Berlin 200, Theater Erlangen 2006<br \/>\nRechte: Theaterst\u00fcckverlag Korn-Wimmer, M\u00fcnchen<\/li>\n<\/ul>\n<h2>1993<\/h2>\n<ul>\n<li><strong>Das Ding<\/strong>, Kinderst\u00fcck, gemeinsam mit Carmen K\u00fchnle u. Clemens Sch\u00e4fer,<br \/>\nUA IGA Stuttgart, Regie: Jutta Schubert, Rechte bei den Autoren<\/li>\n<li><strong>Pu der B\u00e4r<\/strong>, Kinderst\u00fcck nach A.A. Milne, UA Theater im Zentrum, Stuttgart,<br \/>\nRegie: Katja Kandel, Rechte bei der Autorin<\/li>\n<\/ul>\n<h2>1992<\/h2>\n<ul>\n<li><strong>Romeo &amp; Julia<\/strong>, nach Shakespeare, Bearbeitung und Neu\u00fcbersetzung,<br \/>\nUA Theater im Zentrum, Stuttgart, Regie: Manfred Raymund Richter<br \/>\nRechte bei der Autorin<\/li>\n<li><strong>Himmel und H\u00f6lle<\/strong>, Jugendst\u00fcck, UA Theater im Zentrum, Stuttgart,<br \/>\nRegie: Andreas Baesler, Rechte: Theaterst\u00fcckverlag Korn-Wimmer, M\u00fcnchen<\/li>\n<\/ul>\n<h2><\/h2>\n<h2>1990<\/h2>\n<ul>\n<li><strong>Caracas<\/strong>, Jugendst\u00fcck, o.A., Rechte bei der Autorin<\/li>\n<\/ul>\n<p><!-- [if gte mso 9]><xml>\n<o:documentproperties>\n<o:version>15.00<\/o:version>\n<\/o:documentproperties>\n<\/xml>< ![endif]--><\/p>\n","protected":false},"excerpt":{"rendered":"<p>2016 Wer dreimal l\u00fcgt &#8211; die unglaublichen Abenteuer des Barons M\u00fcnchhausen UA 2016, im VANDRICH, Naumburg, Buch und Regie: Jutta Schubert, Rechte: bei der Autorin. 2015 Casanovas Nacht, Schauspiel UA Theater Naumburg, Regie: Jutta Schubert, Rechte: Theaterst\u00fcckverlag Korn-Wimmer, M\u00fcnchen 2013 Hamlet, Bearbeitung und Neu\u00fcbersetzung der Trag\u00f6die von William Shakespeare, UA Theater Naumburg, Regie: Jutta Schubert,&#8230;<\/p>\n","protected":false},"author":1,"featured_media":0,"parent":0,"menu_order":3,"comment_status":"closed","ping_status":"closed","template":"sidebar-page.php","meta":{"footnotes":""},"class_list":["post-19","page","type-page","status-publish","hentry"],"_links":{"self":[{"href":"https:\/\/www.schubert-jutta.de\/index.php?rest_route=\/wp\/v2\/pages\/19","targetHints":{"allow":["GET"]}}],"collection":[{"href":"https:\/\/www.schubert-jutta.de\/index.php?rest_route=\/wp\/v2\/pages"}],"about":[{"href":"https:\/\/www.schubert-jutta.de\/index.php?rest_route=\/wp\/v2\/types\/page"}],"author":[{"embeddable":true,"href":"https:\/\/www.schubert-jutta.de\/index.php?rest_route=\/wp\/v2\/users\/1"}],"replies":[{"embeddable":true,"href":"https:\/\/www.schubert-jutta.de\/index.php?rest_route=%2Fwp%2Fv2%2Fcomments&post=19"}],"version-history":[{"count":33,"href":"https:\/\/www.schubert-jutta.de\/index.php?rest_route=\/wp\/v2\/pages\/19\/revisions"}],"predecessor-version":[{"id":1080,"href":"https:\/\/www.schubert-jutta.de\/index.php?rest_route=\/wp\/v2\/pages\/19\/revisions\/1080"}],"wp:attachment":[{"href":"https:\/\/www.schubert-jutta.de\/index.php?rest_route=%2Fwp%2Fv2%2Fmedia&parent=19"}],"curies":[{"name":"wp","href":"https:\/\/api.w.org\/{rel}","templated":true}]}}