{"id":173,"date":"2014-01-21T13:08:16","date_gmt":"2014-01-21T13:08:16","guid":{"rendered":"http:\/\/schubert-jutta.de\/?page_id=173"},"modified":"2023-01-29T11:46:23","modified_gmt":"2023-01-29T11:46:23","slug":"schreibkurse","status":"publish","type":"page","link":"https:\/\/www.schubert-jutta.de\/?page_id=173","title":{"rendered":"Schreibkurse"},"content":{"rendered":"<p><a href=\"http:\/\/schubert-jutta.de\/schreibkurse\/img_9610\/\" rel=\"attachment wp-att-889\"><img loading=\"lazy\" decoding=\"async\" class=\"aligncenter size-large wp-image-889\" src=\"http:\/\/schubert-jutta.de\/wp-content\/uploads\/IMG_9610-1024x720.jpg\" alt=\"\" width=\"584\" height=\"411\" srcset=\"https:\/\/www.schubert-jutta.de\/wp-content\/uploads\/IMG_9610-1024x720.jpg 1024w, https:\/\/www.schubert-jutta.de\/wp-content\/uploads\/IMG_9610-300x211.jpg 300w, https:\/\/www.schubert-jutta.de\/wp-content\/uploads\/IMG_9610-768x540.jpg 768w, https:\/\/www.schubert-jutta.de\/wp-content\/uploads\/IMG_9610-426x300.jpg 426w\" sizes=\"auto, (max-width: 584px) 100vw, 584px\" \/><\/a>Meine Schreibwerkstatt-Kurse zum <strong>Handwerk des kreativen Schreibens<\/strong> sowie eine Reihe von Sonderkursen zu Schreibthemen, etwa M\u00e4rchen, Erotisches Schreiben, Autobiografisches Schreiben und weiteres, k\u00f6nnen Sie an der Volkshochschule in Mainz besuchen. Mein aktuelles Kursangebot kann \u00fcber die Volkshochschule Mainz gebucht werden. Exklusiv finden im Sommer meine Sommerakademien zum Kreativen Schreiben an der vhs Mainz statt, die Roman-Werkstatt, die Short-Story-Werkstatt und Der rote Faden zur Arbeit an l\u00e4ngeren Projekten. Diese Sonderkurse sind ebenfalls \u00fcber die vhs Mainz buchbar.<\/p>\n<figure id=\"attachment_672\" aria-describedby=\"caption-attachment-672\" style=\"width: 128px\" class=\"wp-caption alignleft\"><a href=\"http:\/\/www.vhs-mainz.de\/kursangebot\" target=\"_blank\" rel=\"noopener noreferrer\"><img loading=\"lazy\" decoding=\"async\" class=\"wp-image-672 size-full\" src=\"http:\/\/schubert-jutta.de\/wp-content\/uploads\/jutta1.jpg.jpg\" alt=\"jutta1.jpg\" width=\"128\" height=\"103\" \/><\/a><figcaption id=\"caption-attachment-672\" class=\"wp-caption-text\">VHS Mainz<\/figcaption><\/figure>\n<figure id=\"attachment_673\" aria-describedby=\"caption-attachment-673\" style=\"width: 128px\" class=\"wp-caption alignright\"><a href=\"http:\/\/schubert-jutta.de\/schreibkurse\/sommerakademie\/\" target=\"_blank\" rel=\"noopener noreferrer\"><img loading=\"lazy\" decoding=\"async\" class=\"wp-image-673 size-full\" src=\"http:\/\/schubert-jutta.de\/wp-content\/uploads\/jutta2.jpg.jpg\" alt=\"jutta2.jpg\" width=\"128\" height=\"106\" \/><\/a><figcaption id=\"caption-attachment-673\" class=\"wp-caption-text\">Sommerakademie<\/figcaption><\/figure>\n<p>Hier finden Sie die Links zu meinem Kursangebot Kursjahr 2022\/23.<\/p>\n<p><a href=\"https:\/\/www.schubert-jutta.de\/aktuelles\/mskcmtr3\/\" rel=\"attachment wp-att-312\"><img loading=\"lazy\" decoding=\"async\" class=\"size-full wp-image-312 aligncenter\" src=\"https:\/\/www.schubert-jutta.de\/wp-content\/uploads\/MSKCMTR3.gif\" alt=\"\" width=\"70\" height=\"47\" \/><\/a><strong>Hier ein Bericht \u00fcber eine meiner Mainzer Schreibgruppen:<\/strong><\/p>\n<h5><a href=\"http:\/\/schubert-jutta.de\/schreibkurse\/img_3938\/\" rel=\"attachment wp-att-897\"><img loading=\"lazy\" decoding=\"async\" class=\"aligncenter size-large wp-image-897\" src=\"http:\/\/schubert-jutta.de\/wp-content\/uploads\/IMG_3938-768x1024.jpg\" alt=\"\" width=\"584\" height=\"779\" srcset=\"https:\/\/www.schubert-jutta.de\/wp-content\/uploads\/IMG_3938-768x1024.jpg 768w, https:\/\/www.schubert-jutta.de\/wp-content\/uploads\/IMG_3938-225x300.jpg 225w\" sizes=\"auto, (max-width: 584px) 100vw, 584px\" \/><\/a><strong>Quelle: CONSENS &#8211; Mainz<\/strong><\/h5>\n","protected":false},"excerpt":{"rendered":"<p>Meine Schreibwerkstatt-Kurse zum Handwerk des kreativen Schreibens sowie eine Reihe von Sonderkursen zu Schreibthemen, etwa M\u00e4rchen, Erotisches Schreiben, Autobiografisches Schreiben und weiteres, k\u00f6nnen Sie an der Volkshochschule in Mainz besuchen. Mein aktuelles Kursangebot kann \u00fcber die Volkshochschule Mainz gebucht werden. Exklusiv finden im Sommer meine Sommerakademien zum Kreativen Schreiben an der vhs Mainz statt, die&#8230;<\/p>\n","protected":false},"author":1,"featured_media":0,"parent":0,"menu_order":5,"comment_status":"closed","ping_status":"closed","template":"sidebar-page.php","meta":{"footnotes":""},"class_list":["post-173","page","type-page","status-publish","hentry"],"_links":{"self":[{"href":"https:\/\/www.schubert-jutta.de\/index.php?rest_route=\/wp\/v2\/pages\/173","targetHints":{"allow":["GET"]}}],"collection":[{"href":"https:\/\/www.schubert-jutta.de\/index.php?rest_route=\/wp\/v2\/pages"}],"about":[{"href":"https:\/\/www.schubert-jutta.de\/index.php?rest_route=\/wp\/v2\/types\/page"}],"author":[{"embeddable":true,"href":"https:\/\/www.schubert-jutta.de\/index.php?rest_route=\/wp\/v2\/users\/1"}],"replies":[{"embeddable":true,"href":"https:\/\/www.schubert-jutta.de\/index.php?rest_route=%2Fwp%2Fv2%2Fcomments&post=173"}],"version-history":[{"count":45,"href":"https:\/\/www.schubert-jutta.de\/index.php?rest_route=\/wp\/v2\/pages\/173\/revisions"}],"predecessor-version":[{"id":1604,"href":"https:\/\/www.schubert-jutta.de\/index.php?rest_route=\/wp\/v2\/pages\/173\/revisions\/1604"}],"wp:attachment":[{"href":"https:\/\/www.schubert-jutta.de\/index.php?rest_route=%2Fwp%2Fv2%2Fmedia&parent=173"}],"curies":[{"name":"wp","href":"https:\/\/api.w.org\/{rel}","templated":true}]}}